{"id":321,"date":"2023-11-10T07:59:29","date_gmt":"2023-11-10T07:59:29","guid":{"rendered":"https:\/\/uclah.edu.mx\/prepa-londres\/?page_id=321"},"modified":"2025-05-21T01:12:43","modified_gmt":"2025-05-21T01:12:43","slug":"inicio","status":"publish","type":"page","link":"https:\/\/uclah.edu.mx\/prepa-londres\/","title":{"rendered":"Inicio"},"content":{"rendered":"<p>[vc_row][vc_column][rev_slider_vc alias=&#8221;home-21&#8243;][vc_row_inner][vc_column_inner][\/vc_column_inner][\/vc_row_inner][\/vc_column][\/vc_row][vc_row layout=&#8221;container&#8221; content_placement=&#8221;middle&#8221; el_id=&#8221;mision&#8221; css=&#8221;.vc_custom_1685031454394{margin-top: 115px !important;}&#8221;][vc_column width=&#8221;7\/12&#8243;][vc_single_image image=&#8221;1401&#8243; img_size=&#8221;full&#8221;][\/vc_column][vc_column width=&#8221;5\/12&#8243;]            <div class=\"heading color-dark text-left mg-bottom-65\" >\n                                                <h2 class=\"heading-color fs-38\">\n                    PREPARATORIA COLEGIO LONDRES                <\/h2>\n                            <\/div>\n            [vc_column_text]<\/p>\n<p style=\"text-align: justify;\"><span style=\"color: #000000;\">Fue fundada en el a\u00f1o de 1991 brindando un servicio de calidad en nivel medio superior, con un modelo educativo basado en competencias incorporada a la Direcci\u00f3n General de Bachilleratos a Nivel Nacional.<\/span><\/p>\n<p style=\"text-align: justify;\"><span style=\"color: #000000;\">Nuestros alumnos egresan con el perfil en bachillerato general capaces de incorporarse a cualquier \u00e1rea profesional de conocimientos.<\/span><\/p>\n<p style=\"text-align: justify;\"><span style=\"color: #000000;\">Nuestros estudiantes trabajan en un modelo emprendedor y vanguardista, a partir de la formaci\u00f3n para el trabajo en administraci\u00f3n, donde los conocimientos ser\u00e1n aplicados en su vida profesional.<\/span><\/p>\n<p>[\/vc_column_text][vc_btn title=&#8221;\u00a1Escr\u00edbenos!&#8221; style=&#8221;custom&#8221; custom_background=&#8221;#28d146&#8243; custom_text=&#8221;#ffffff&#8221; link=&#8221;url:https%3A%2F%2Fbit.ly%2F3ZvQBSC|target:_blank&#8221; css=&#8221;.vc_custom_1688427930832{margin-top: 30px !important;}&#8221;][\/vc_column][\/vc_row][vc_row layout=&#8221;container&#8221; content_placement=&#8221;middle&#8221; css=&#8221;.vc_custom_1685031576858{margin-top: 55px !important;margin-bottom: 85px !important;}&#8221;][vc_column width=&#8221;7\/12&#8243;]            <div class=\"heading color-dark text-left mg-bottom-65\" >\n                                                <h2 class=\"heading-color fs-38\">\n                    Misi\u00f3n y Visi\u00f3n                <\/h2>\n                            <\/div>\n            \t\t\t<div class=\"iconbox style2 color-dark mg-bottom-60\" >\n                <div>\n                                                <img decoding=\"async\" alt=\"\" src=\"https:\/\/uclah.edu.mx\/prepa-londres\/wp-content\/uploads\/2023\/03\/valor-1.png\"\/>\n                                        <\/div>\n                                <a class=\"p-font heading-color\" title=\"Prepa Londres\" target=\"_self\" href=\"#\">Prepa Londres<\/a>\n                                <p>Preparatoria Colegio Londres brinda un servicio de calidad en nivel medio superior, con un modelo educativo basado en competencias, incorporada a la SEP a trav\u00e9s de la Direcci\u00f3n General de Bachilleratos a Nivel Nacional.<\/p>\n                \t\t\t<\/div>\n            \t\t\t<div class=\"iconbox style2 color-dark mg-bottom-60\" >\n                <div>\n                                                <img decoding=\"async\" alt=\"\" src=\"https:\/\/uclah.edu.mx\/prepa-londres\/wp-content\/uploads\/2023\/03\/mision.png\"\/>\n                                        <\/div>\n                                <a class=\"p-font heading-color\" title=\"Misi\u00f3n\" target=\"_self\" href=\"#\">Misi\u00f3n<\/a>\n                                <p>Formar a nuestros estudiantes a trav\u00e9s de una experiencia humanista, integral y de calidad pedag\u00f3gica; fortaleciendo su crecimiento como personas \u00edntegras que viven en sociedad.<\/p>\n                \t\t\t<\/div>\n            \t\t\t<div class=\"iconbox style2 color-dark mg-bottom-60\" >\n                <div>\n                                                <img decoding=\"async\" alt=\"\" src=\"https:\/\/uclah.edu.mx\/prepa-londres\/wp-content\/uploads\/2023\/03\/vision.png\"\/>\n                                        <\/div>\n                                <a class=\"p-font heading-color\" title=\"Visi\u00f3n\" target=\"_self\" href=\"#\">Visi\u00f3n<\/a>\n                                <p>Ser la instituci\u00f3n l\u00edder en excelencia educativa, formando j\u00f3venes competitivos, con valores, habilidades y actitudes; de este modo llevarlos al alcance de sus sue\u00f1os y \u00e9xito profesional.<\/p>\n                \t\t\t<\/div>\n            [vc_btn title=&#8221;Preinscr\u00edbete&#8221; style=&#8221;custom&#8221; custom_background=&#8221;#f20505&#8243; custom_text=&#8221;#ffffff&#8221; align=&#8221;left&#8221; link=&#8221;url:%23contacto&#8221; css=&#8221;.vc_custom_1685031676406{margin-left: 95px !important;}&#8221;][vc_row_inner][vc_column_inner][\/vc_column_inner][\/vc_row_inner][\/vc_column][vc_column width=&#8221;5\/12&#8243;][vc_single_image image=&#8221;1264&#8243; img_size=&#8221;502&#215;693&#8243;][\/vc_column][\/vc_row][vc_row][vc_column][\/vc_column][\/vc_row][vc_row css=&#8221;.vc_custom_1683328705001{background-color: #f6f6f6 !important;background-position: 0 0 !important;background-repeat: no-repeat !important;}&#8221; el_id=&#8221;instalaciones&#8221;][vc_column css=&#8221;.vc_custom_1680288399688{margin-top: 125px !important;margin-bottom: 125px !important;}&#8221;]            <div class=\"heading color-dark text-center mg-bottom-60\" >\n                                    <span class=\"s-color\"><i class=\"fa fa-star\"><\/i><\/span>\n                                                <h2 class=\"heading-color fs-38\">\n                    Nuestras Instalaciones                <\/h2>\n                            <\/div>\n            [vc_row_inner css=&#8221;.vc_custom_1679691446862{margin-right: 50px !important;margin-left: 50px !important;}&#8221;][vc_column_inner width=&#8221;1\/4&#8243;][vc_hoverbox image=&#8221;1283&#8243; primary_title=&#8221;Laboratorio de Ciencias&#8221; hover_title=&#8221;Laboratorio de Ciencias&#8221; hover_background_color=&#8221;custom&#8221; hover_custom_background=&#8221;#021659&#8243;]<\/p>\n<h4><span style=\"text-decoration: underline;\"><span style=\"color: #ffffff;\"><a style=\"color: #ffffff; text-decoration: underline;\" href=\"#contacto\">Agenda una Cita<\/a><\/span><\/span><\/h4>\n<p>[\/vc_hoverbox][vc_empty_space][\/vc_column_inner][vc_column_inner width=&#8221;1\/4&#8243;][vc_hoverbox image=&#8221;1284&#8243; primary_title=&#8221;Aula de C\u00f3mputo&#8221; hover_title=&#8221;Aula de C\u00f3mputo&#8221; hover_background_color=&#8221;custom&#8221; hover_custom_background=&#8221;#021659&#8243;]<\/p>\n<h4><\/h4>\n<p>[\/vc_hoverbox][vc_empty_space][\/vc_column_inner][vc_column_inner width=&#8221;1\/4&#8243;][vc_hoverbox image=&#8221;1281&#8243; primary_title=&#8221;Sal\u00f3n de Usos M\u00faltiples&#8221; hover_title=&#8221;Sal\u00f3n de Usos M\u00faltiples&#8221; hover_background_color=&#8221;custom&#8221; hover_custom_background=&#8221;#021659&#8243;]<\/p>\n<h4><span style=\"text-decoration: underline;\"><span style=\"color: #ffffff; text-decoration: underline;\">\u00a1Cont\u00e1ctanos!<\/span><\/span><\/h4>\n<p>[\/vc_hoverbox][vc_empty_space][\/vc_column_inner][vc_column_inner width=&#8221;1\/4&#8243;][vc_hoverbox image=&#8221;1282&#8243; primary_title=&#8221;\u00c1rea Verdes&#8221; hover_title=&#8221;\u00c1reas Verdes&#8221; hover_background_color=&#8221;custom&#8221; hover_custom_background=&#8221;#021659&#8243;]<\/p>\n<h4><\/h4>\n<p>[\/vc_hoverbox][vc_empty_space][\/vc_column_inner][\/vc_row_inner][vc_btn title=&#8221;Consorcio Educativo Londres &#8211; UCLAH&#8221; style=&#8221;custom&#8221; custom_background=&#8221;#e7051b&#8221; custom_text=&#8221;#ffffff&#8221; align=&#8221;center&#8221; link=&#8221;url:https%3A%2F%2Fuclah.edu.mx|target:_blank&#8221;][\/vc_column][\/vc_row][vc_row][vc_column][\/vc_column][\/vc_row][vc_row css=&#8221;.vc_custom_1680289119771{margin-right: 55px !important;margin-left: 55px !important;}&#8221;][vc_column css=&#8221;.vc_custom_1680289051196{margin-top: 85px !important;margin-bottom: 85px !important;}&#8221;]            <div class=\"heading color-dark text-center mg-bottom-60\" >\n                                    <span class=\"s-color\"><i class=\"fa fa-star\"><\/i><\/span>\n                                                <h2 class=\"heading-color fs-38\">\n                    Tu futuro te espera                <\/h2>\n                            <\/div>\n            [vc_masonry_media_grid element_width=&#8221;3&#8243; gap=&#8221;15&#8243; item=&#8221;masonryMedia_BorderedScale&#8221; initial_loading_animation=&#8221;fadeIn&#8221; grid_id=&#8221;vc_gid:1747789357744-bc249655-7802-2&#8243; include=&#8221;1287,1289,1290,1291,1292,1376,1377,1402&#8243; css=&#8221;.vc_custom_1686853041045{margin-right: 15px !important;margin-left: 15px !important;}&#8221;][vc_btn title=&#8221;Preinscr\u00edbete&#8221; style=&#8221;custom&#8221; custom_background=&#8221;#f20505&#8243; custom_text=&#8221;#ffffff&#8221; align=&#8221;center&#8221; link=&#8221;url:%23contacto&#8221; css=&#8221;.vc_custom_1680289088748{margin-top: 35px !important;margin-left: 55px !important;}&#8221;][\/vc_column][\/vc_row][vc_row][vc_column][\/vc_column][\/vc_row][vc_row css=&#8221;.vc_custom_1685031710647{background-color: #e8e8e8 !important;background-position: center !important;background-repeat: no-repeat !important;background-size: contain !important;}&#8221; el_id=&#8221;actividades-extracurriculares&#8221;][vc_column css=&#8221;.vc_custom_1679692015125{margin-top: 75px !important;margin-bottom: 75px !important;}&#8221;]            <div class=\"heading color-dark text-center mg-bottom-60\" >\n                                    <span class=\"s-color\"><i class=\"fa fa-star\"><\/i><\/span>\n                                                <h2 class=\"heading-color fs-38\">\n                    Actividades Extracurriculares                <\/h2>\n                            <\/div>\n            [vc_row_inner css=&#8221;.vc_custom_1679691598840{margin-right: 55px !important;margin-left: 55px !important;}&#8221;][vc_column_inner width=&#8221;1\/3&#8243;][vc_hoverbox image=&#8221;1298&#8243; primary_title=&#8221;F\u00fatbol&#8221; hover_title=&#8221;F\u00fatbol&#8221; hover_background_color=&#8221;custom&#8221; hover_custom_background=&#8221;#021659&#8243;]<\/p>\n<h4><\/h4>\n<p>[\/vc_hoverbox][vc_empty_space][vc_hoverbox image=&#8221;1345&#8243; primary_title=&#8221;Gastronom\u00eda&#8221; hover_title=&#8221;Gastronom\u00eda&#8221; hover_background_color=&#8221;custom&#8221; hover_custom_background=&#8221;#021659&#8243;]<\/p>\n<h4><span style=\"text-decoration: underline;\"><span style=\"color: #ffffff; text-decoration: underline;\"><a style=\"color: #ffffff; text-decoration: underline;\" href=\"#contacto\">Cont\u00e1ctanos<\/a><\/span><\/span><\/h4>\n<p>[\/vc_hoverbox][vc_empty_space][\/vc_column_inner][vc_column_inner width=&#8221;1\/3&#8243;][vc_hoverbox image=&#8221;1299&#8243; primary_title=&#8221;Voleibol&#8221; hover_title=&#8221;Voleibol&#8221; hover_background_color=&#8221;custom&#8221; hover_custom_background=&#8221;#021659&#8243;]<\/p>\n<h4><\/h4>\n<p>[\/vc_hoverbox][vc_empty_space][vc_hoverbox image=&#8221;1300&#8243; primary_title=&#8221;Danza&#8221; hover_title=&#8221;Danza&#8221; hover_background_color=&#8221;custom&#8221; hover_custom_background=&#8221;#021659&#8243;]<\/p>\n<h4><\/h4>\n<p>[\/vc_hoverbox][vc_empty_space][\/vc_column_inner][vc_column_inner width=&#8221;1\/3&#8243;][vc_hoverbox image=&#8221;1297&#8243; primary_title=&#8221;Basquetbol&#8221; hover_title=&#8221;Basquetbol&#8221; hover_background_color=&#8221;custom&#8221; hover_custom_background=&#8221;#021659&#8243;]<\/p>\n<h4><span style=\"text-decoration: underline;\"><span style=\"color: #ffffff; text-decoration: underline;\"><a style=\"color: #ffffff; text-decoration: underline;\" href=\"#contacto\">Agenda una Cita<\/a><\/span><\/span><\/h4>\n<p>[\/vc_hoverbox][vc_empty_space][\/vc_column_inner][\/vc_row_inner][vc_btn title=&#8221;\u00a1Escr\u00edbenos por WhatsApp!&#8221; style=&#8221;custom&#8221; custom_background=&#8221;#128c7e&#8221; custom_text=&#8221;#ffffff&#8221; align=&#8221;center&#8221; link=&#8221;url:https%3A%2F%2Fbit.ly%2F3ZvQBSC|target:_blank&#8221;][\/vc_column][\/vc_row][vc_row gap=&#8221;1&#8243; css=&#8221;.vc_custom_1700685748128{margin-right: 55px !important;margin-left: 55px !important;}&#8221; el_id=&#8221;galeria&#8221;][vc_column]            <div class=\"heading color-dark text-center mg-bottom-60\" >\n                                    <span class=\"s-color\"><i class=\"fa fa-star\"><\/i><\/span>\n                                                <h2 class=\"heading-color fs-38\">\n                    Nuestras Galer\u00edas                <\/h2>\n                            <\/div>\n            [vc_row_inner css=&#8221;.vc_custom_1679691598840{margin-right: 55px !important;margin-left: 55px !important;}&#8221;][vc_column_inner width=&#8221;1\/3&#8243;][vc_hoverbox image=&#8221;1547&#8243; primary_title=&#8221;&#8221; hover_title=&#8221;Festejo Navide\u00f1o&#8221; hover_background_color=&#8221;custom&#8221; hover_btn_title=&#8221;Mira la galer\u00eda aqu\u00ed&#8221; hover_add_button=&#8221;true&#8221; hover_custom_background=&#8221;#021659&#8243; hover_btn_link=&#8221;url:https%3A%2F%2Fuclah.edu.mx%2Fprepa-londres%2Ffestejo-navideno%2F|title:Festejo%20navide%C3%B1o|target:_blank&#8221;][\/vc_hoverbox][vc_empty_space][\/vc_column_inner][vc_column_inner width=&#8221;1\/3&#8243;][vc_hoverbox image=&#8221;1567&#8243; primary_title=&#8221;&#8221; hover_title=&#8221;Conferencia por Renata Beneto&#8221; hover_background_color=&#8221;custom&#8221; hover_btn_title=&#8221;Mira la galer\u00eda aqu\u00ed&#8221; hover_add_button=&#8221;true&#8221; hover_custom_background=&#8221;#021659&#8243; hover_btn_link=&#8221;url:https%3A%2F%2Fuclah.edu.mx%2Fprepa-londres%2Fconferencia-renata-beneto%2F|title:Conferencia%20por%20Renata%20beneto|target:_blank&#8221;][\/vc_hoverbox][vc_empty_space][\/vc_column_inner][vc_column_inner width=&#8221;1\/3&#8243;][vc_hoverbox image=&#8221;1519&#8243; primary_title=&#8221;&#8221; hover_title=&#8221;Celebramos D\u00eda de Muertos y Halloween&#8221; hover_background_color=&#8221;custom&#8221; hover_btn_title=&#8221;Mira la galer\u00eda aqu\u00ed&#8221; hover_add_button=&#8221;true&#8221; hover_custom_background=&#8221;#021659&#8243; hover_btn_link=&#8221;url:https%3A%2F%2Fuclah.edu.mx%2Fprepa-londres%2Fdia-de-muertos-halloween%2F|title:Celebramos%20el%20D%C3%ADa%20de%20Muertos%20y%20Halloween|target:_blank&#8221;][\/vc_hoverbox][vc_empty_space][\/vc_column_inner][\/vc_row_inner][\/vc_column][\/vc_row][vc_row][vc_column][\/vc_column][\/vc_row][vc_row css=&#8221;.vc_custom_1679690984685{margin-top: 65px !important;margin-right: 85px !important;margin-bottom: 40px !important;margin-left: 85px !important;}&#8221; el_id=&#8221;contacto&#8221;][vc_column width=&#8221;1\/2&#8243;]            <div class=\"heading color-dark text-center mg-bottom-60\" >\n                                    <span class=\"s-color\"><i class=\"fa fa-star\"><\/i><\/span>\n                                                <h2 class=\"heading-color fs-38\">\n                    \u00a1Ac\u00e9rcate a nosotros!                <\/h2>\n                            <\/div>\n            \n<div class=\"wpcf7 no-js\" id=\"wpcf7-f747-o1\" lang=\"en-US\" dir=\"ltr\">\n<div class=\"screen-reader-response\"><p role=\"status\" aria-live=\"polite\" aria-atomic=\"true\"><\/p> <ul><\/ul><\/div>\n<form action=\"\/prepa-londres\/wp-json\/wp\/v2\/pages\/321#wpcf7-f747-o1\" method=\"post\" class=\"wpcf7-form init\" aria-label=\"Contact form\" novalidate=\"novalidate\" data-status=\"init\">\n<div style=\"display: none;\">\n<input type=\"hidden\" name=\"_wpcf7\" value=\"747\" \/>\n<input type=\"hidden\" name=\"_wpcf7_version\" value=\"5.7.7\" \/>\n<input type=\"hidden\" name=\"_wpcf7_locale\" value=\"en_US\" \/>\n<input type=\"hidden\" name=\"_wpcf7_unit_tag\" value=\"wpcf7-f747-o1\" \/>\n<input type=\"hidden\" name=\"_wpcf7_container_post\" value=\"0\" \/>\n<input type=\"hidden\" name=\"_wpcf7_posted_data_hash\" value=\"\" \/>\n<input type=\"hidden\" name=\"_wpcf7_recaptcha_response\" value=\"\" \/>\n<\/div>\n<div class=\"form-contact-us\">\n\t<div class=\"row\">\n\t\t<div class=\"col-md-6 col-sm-6\">\n\t\t\t<p><span class=\"wpcf7-form-control-wrap\" data-name=\"your-name\"><input size=\"40\" class=\"wpcf7-form-control wpcf7-text wpcf7-validates-as-required\" aria-required=\"true\" aria-invalid=\"false\" placeholder=\"NOMBRE*\" value=\"\" type=\"text\" name=\"your-name\" \/><\/span>\n\t\t\t<\/p>\n\t\t<\/div>\n\t\t<div class=\"col-md-6 col-sm-6\">\n\t\t\t<p><span class=\"wpcf7-form-control-wrap\" data-name=\"your-email\"><input size=\"40\" class=\"wpcf7-form-control wpcf7-text wpcf7-email wpcf7-validates-as-required wpcf7-validates-as-email\" aria-required=\"true\" aria-invalid=\"false\" placeholder=\"CORREO*\" value=\"\" type=\"email\" name=\"your-email\" \/><\/span>\n\t\t\t<\/p>\n\t\t<\/div>\n\t\t<div class=\"col-md-6 col-sm-6\">\n\t\t\t<p><span class=\"wpcf7-form-control-wrap\" data-name=\"your-phone\"><input size=\"40\" class=\"wpcf7-form-control wpcf7-text wpcf7-tel wpcf7-validates-as-tel\" aria-invalid=\"false\" placeholder=\"TEL\u00c9FONO*\" value=\"\" type=\"tel\" name=\"your-phone\" \/><\/span>\n\t\t\t<\/p>\n\t\t<\/div>\n\t\t<div class=\"col-md-6 col-sm-6\">\n\t\t\t<p><span class=\"wpcf7-form-control-wrap\" data-name=\"your-subject\"><input size=\"40\" class=\"wpcf7-form-control wpcf7-text wpcf7-validates-as-required\" aria-required=\"true\" aria-invalid=\"false\" placeholder=\"ASUNTO\" value=\"\" type=\"text\" name=\"your-subject\" \/><\/span>\n\t\t\t<\/p>\n\t\t<\/div>\n\t\t<div class=\"col-xs-12\">\n\t\t\t<p><span class=\"wpcf7-form-control-wrap\" data-name=\"your-message\"><textarea cols=\"40\" rows=\"10\" class=\"wpcf7-form-control wpcf7-textarea wpcf7-validates-as-required\" aria-required=\"true\" aria-invalid=\"false\" placeholder=\"MENSAJE\" name=\"your-message\"><\/textarea><\/span>\n\t\t\t<\/p>\n\t\t<\/div>\n\t<\/div>\n\t<div class=\"text-center\">\n\t\t<p><input class=\"wpcf7-form-control has-spinner wpcf7-submit bt bt-tertiary bt-bg\" type=\"submit\" value=\"ENVIAR\" \/>\n\t\t<\/p>\n\t<\/div>\n<\/div>\n<span class=\"wpcf7-form-control-wrap recaptcha\" data-name=\"recaptcha\"><span data-sitekey=\"6LfPnbomAAAAAFOaUKOgknQxXR7MrzCUwoGXoe6A\" data-align=\"center\" class=\"wpcf7-form-control g-recaptcha wpcf7-recaptcha\"><\/span>\r\n<noscript>\r\n\t<div class=\"grecaptcha-noscript\">\r\n\t\t<iframe loading=\"lazy\" src=\"https:\/\/www.google.com\/recaptcha\/api\/fallback?k=6LfPnbomAAAAAFOaUKOgknQxXR7MrzCUwoGXoe6A\" frameborder=\"0\" scrolling=\"no\" width=\"310\" height=\"430\">\r\n\t\t<\/iframe>\r\n\t\t<textarea name=\"g-recaptcha-response\" rows=\"3\" cols=\"40\" placeholder=\"reCaptcha Response Here\">\r\n\t\t<\/textarea>\r\n\t<\/div>\r\n<\/noscript>\r\n<\/span><p style=\"display: none !important;\"><label>&#916;<textarea name=\"_wpcf7_ak_hp_textarea\" cols=\"45\" rows=\"8\" maxlength=\"100\"><\/textarea><\/label><input type=\"hidden\" id=\"ak_js_1\" name=\"_wpcf7_ak_js\" value=\"34\"\/><script>document.getElementById( \"ak_js_1\" ).setAttribute( \"value\", ( new Date() ).getTime() );<\/script><\/p><div class=\"wpcf7-response-output\" aria-hidden=\"true\"><\/div>\n<\/form>\n<\/div>\n[\/vc_column][vc_column width=&#8221;1\/2&#8243;][vc_raw_html]JTNDaWZyYW1lJTIwc3JjJTNEJTIyaHR0cHMlM0ElMkYlMkZ3d3cuZ29vZ2xlLmNvbSUyRm1hcHMlMkZlbWJlZCUzRnBiJTNEJTIxMW0xNCUyMTFtOCUyMTFtMyUyMTFkMTQ5ODcuNjQ2NjU0NzQxNjE3JTIxMmQtOTguNzA5MjQ3NiUyMTNkMjAuMDk1OTc5MiUyMTNtMiUyMTFpMTAyNCUyMTJpNzY4JTIxNGYxMy4xJTIxM20zJTIxMW0yJTIxMXMweDg1ZDFhNzc0NzM4NjQzZTclMjUzQTB4ZmM1Zjc4NmQ5NjVhYjcwMiUyMTJzVUNMQUglMjUyMFVuaXZlcnNpZGFkJTI1MjBDaWVudCUyNUMzJTI1QURmaWNhJTI1MjBMYXRpbm8lMjUyMEFtZXJpY2FuYSUyNTIwZGUlMjUyMEhpZGFsZ28lMjE1ZTAlMjEzbTIlMjExc2VzJTIxMnNteCUyMTR2MTY4MzMyODk0NTkyMiUyMTVtMiUyMTFzZXMlMjEyc214JTIyJTIwd2lkdGglM0QlMjI2MDAlMjIlMjBoZWlnaHQlM0QlMjI1MDAlMjIlMjBzdHlsZSUzRCUyMmJvcmRlciUzQTAlM0IlMjIlMjBhbGxvd2Z1bGxzY3JlZW4lM0QlMjIlMjIlMjBsb2FkaW5nJTNEJTIybGF6eSUyMiUyMHJlZmVycmVycG9saWN5JTNEJTIybm8tcmVmZXJyZXItd2hlbi1kb3duZ3JhZGUlMjIlM0UlM0MlMkZpZnJhbWUlM0U=[\/vc_raw_html][\/vc_column][\/vc_row]<\/p>\n","protected":false},"excerpt":{"rendered":"<p>[vc_row][vc_column][rev_slider_vc alias=&#8221;home-21&#8243;][vc_row_inner][vc_column_inner][\/vc_column_inner][\/vc_row_inner][\/vc_column][\/vc_row][vc_row layout=&#8221;container&#8221; content_placement=&#8221;middle&#8221; el_id=&#8221;mision&#8221; css=&#8221;.vc_custom_1685031454394{margin-top: 115px !important;}&#8221;][vc_column width=&#8221;7\/12&#8243;][vc_single_image image=&#8221;1401&#8243; img_size=&#8221;full&#8221;][\/vc_column][vc_column width=&#8221;5\/12&#8243;][vc_column_text] Fue fundada en el a\u00f1o de 1991 brindando un servicio de calidad en nivel medio superior, con un modelo educativo basado en competencias incorporada a la Direcci\u00f3n General de Bachilleratos a Nivel Nacional. Nuestros alumnos egresan con el perfil en bachillerato general capaces [&hellip;]<\/p>\n","protected":false},"author":1,"featured_media":0,"parent":0,"menu_order":0,"comment_status":"closed","ping_status":"closed","template":"","meta":{"footnotes":""},"class_list":["post-321","page","type-page","status-publish","hentry"],"_links":{"self":[{"href":"https:\/\/uclah.edu.mx\/prepa-londres\/wp-json\/wp\/v2\/pages\/321","targetHints":{"allow":["GET"]}}],"collection":[{"href":"https:\/\/uclah.edu.mx\/prepa-londres\/wp-json\/wp\/v2\/pages"}],"about":[{"href":"https:\/\/uclah.edu.mx\/prepa-londres\/wp-json\/wp\/v2\/types\/page"}],"author":[{"embeddable":true,"href":"https:\/\/uclah.edu.mx\/prepa-londres\/wp-json\/wp\/v2\/users\/1"}],"replies":[{"embeddable":true,"href":"https:\/\/uclah.edu.mx\/prepa-londres\/wp-json\/wp\/v2\/comments?post=321"}],"version-history":[{"count":91,"href":"https:\/\/uclah.edu.mx\/prepa-londres\/wp-json\/wp\/v2\/pages\/321\/revisions"}],"predecessor-version":[{"id":1591,"href":"https:\/\/uclah.edu.mx\/prepa-londres\/wp-json\/wp\/v2\/pages\/321\/revisions\/1591"}],"wp:attachment":[{"href":"https:\/\/uclah.edu.mx\/prepa-londres\/wp-json\/wp\/v2\/media?parent=321"}],"curies":[{"name":"wp","href":"https:\/\/api.w.org\/{rel}","templated":true}]}}